{"id":3421,"date":"2019-04-09T12:05:18","date_gmt":"2019-04-09T10:05:18","guid":{"rendered":"https:\/\/www.illadelsbous.com\/projects\/"},"modified":"2025-10-23T00:11:19","modified_gmt":"2025-10-22T22:11:19","slug":"projects","status":"publish","type":"page","link":"https:\/\/illadelsbous.com\/ca\/","title":{"rendered":"\ud83d\udd34 El vostre partner per a disseny i desenvolupament web creatiu"},"content":{"rendered":"<div class=\"grid kcm\">\n<div class=\"grid__item two-twelfths portable--auto lap--four-twelfths palm--auto top-no-padding bottom-large-padding \" data-style=\"undefined\">\n<h4 class=\"p1\"><span style=\"font-size: 21px;\">Disponible per treballar en un projecte o per hora. Contacteu si teniu algun projecte en ment.<\/span><\/h4>\n<\/div>\n<div class=\"grid__item one-twelfth portable--auto lap--hide palm--hide top-no-padding bottom-no-padding \" data-style=\"undefined\"><\/div>\n<div class=\"grid__item eight-twelfths portable--auto lap--eight-twelfths palm--auto top-no-padding bottom-large-padding \" data-style=\"undefined\">\n<p><span style=\"font-size: 28px; color: #999999;\">Som un petit i \u00e0gil estudi web que <strong>dissenya i desenvolupa<\/strong> per a <strong>projectes web i digitals<\/strong>. Treballem amb flexibilitat amb els clients per satisfer les seves necessitats.<\/span><\/p>\n<p><img loading=\"lazy\" decoding=\"async\" class=\"alignnone size-thumbnail\" src=\"https:\/\/illadelsbous.com\/img\/loader3.svg\" width=\"64\" height=\"64\" \/> <img loading=\"lazy\" decoding=\"async\" class=\"alignnone size-thumbnail\" src=\"https:\/\/illadelsbous.com\/img\/loader33.svg\" width=\"64\" height=\"64\" \/> <img loading=\"lazy\" decoding=\"async\" class=\"alignnone size-thumbnail\" src=\"https:\/\/illadelsbous.com\/img\/loader3.svg\" width=\"64\" height=\"64\" \/><\/p>\n<\/div>\n<div class=\"grid__item three-twelfths portable--auto lap--auto palm--auto top-no-padding bottom-no-padding \" data-style=\"\">\n<h3><span class=\"underlined-heading\">Gaudim fent coses com<\/span><\/h3>\n<\/div>\n<div class=\"grid__item three-twelfths portable--auto lap--four-twelfths palm--auto top-no-padding bottom-no-padding \" data-style=\"undefined\">\n<ul>\n<li>Desenvolupament web<\/li>\n<li>Desenvolupament WordPress<\/li>\n<li>Desenvolupament Woocommerce<\/li>\n<li>Desenvolupament Mobile First<\/li>\n<li>Disseny web responsiu<\/li>\n<li>Rendiment web<\/li>\n<\/ul>\n<\/div>\n<div class=\"grid__item three-twelfths null null null null null volta autom\u00e0tica - palmera de cinc dotze part - rellotge autom\u00e0tic de fons de no remat \" data-style=\"undefined\">\n<ul>\n<li>Gesti\u00f3 de projectes<\/li>\n<li>Arquitectura de la informaci\u00f3<\/li>\n<li>Disseny d&#8217;interf\u00edcies d&#8217;usuari (UI)<\/li>\n<li>Disseny d&#8217;experi\u00e8ncia de l&#8217;usuari (UX)<\/li>\n<li>An\u00e0lisi d\u2019usabilitat<\/li>\n<li>Serveis de suport<\/li>\n<\/ul>\n<\/div>\n<div class=\"grid__item three-twelfths null null null null null autom\u00e0tica - palma de tres dotzenes - relleno autom\u00e0tic de cap\u00e7al inferior mitj\u00e0-rellotge \" data-style=\"undefined\">\n<ul>\n<li>Estrat\u00e8gia digital<\/li>\n<li>M\u00e0rqueting digital<\/li>\n<li>Analytica web<\/li>\n<li>SEO<\/li>\n<li>PPC \/ SEM<\/li>\n<\/ul>\n<\/div>\n<div class=\"grid__item four-twelfths portable--auto lap--auto palm--auto top-no-padding bottom-no-padding \" data-style=\"\">\n<p><span style=\"font-size: 32px; color: #999999;\"><img loading=\"lazy\" decoding=\"async\" class=\"size-thumbnail wp-image-3123 alignright\" role=\"img\" src=\"https:\/\/illadelsbous.com\/web19\/wp-content\/uploads\/2019\/10\/solution.svg\" alt=\"\" width=\"150\" height=\"150\" srcset=\"https:\/\/illadelsbous.com\/web19\/wp-content\/uploads\/\/2019\/10\/solution.svg 150w, https:\/\/illadelsbous.com\/web19\/wp-content\/uploads\/\/2019\/10\/solution.svg 300w, https:\/\/illadelsbous.com\/web19\/wp-content\/uploads\/\/2019\/10\/solution.svg 1024w, https:\/\/illadelsbous.com\/web19\/wp-content\/uploads\/\/2019\/10\/solution.svg 512w\" sizes=\"auto, (max-width: 150px) 100vw, 150px\" \/><\/span><\/p>\n<\/div>\n<div class=\"grid__item five-twelfths portable--auto lap--eight-twelfths palm--auto top-medium-padding bottom-large-padding \" data-style=\"undefined\">\n<p>Si necessiteu crear un lloc web des de zero o amb wordpress (o un altre CMS) o nom\u00e9s necessiteu ajuda t\u00e8cnica en l\u00ednia, sempre podeu comptar amb nosaltres. Tamb\u00e9 podem ajudar-vos amb SEO, SEM o amb la millor estrat\u00e8gia digital per al vostre negoci.<\/p>\n<\/div>\n<\/div>\n","protected":false},"excerpt":{"rendered":"<p>Disponible per treballar en un projecte o per hora. Contacteu si teniu algun projecte en ment. Som un petit i \u00e0gil estudi web que dissenya i desenvolupa per a projectes web i digitals. Treballem amb flexibilitat amb els clients per satisfer les seves necessitats. Gaudim fent coses com Desenvolupament web Desenvolupament WordPress Desenvolupament Woocommerce Desenvolupament [&hellip;]<\/p>\n","protected":false},"author":1,"featured_media":3422,"parent":0,"menu_order":0,"comment_status":"closed","ping_status":"closed","template":"","meta":{"_acf_changed":false,"googlesitekit_rrm_CAowj9y7DA:productID":"","footnotes":""},"class_list":["post-3421","page","type-page","status-publish","has-post-thumbnail","hentry"],"acf":[],"yoast_head":"<!-- This site is optimized with the Yoast SEO plugin v27.3 - https:\/\/yoast.com\/product\/yoast-seo-wordpress\/ -->\n<title>Desenvolupament Web Disseny responsiu interactiu - iaeou<\/title>\n<meta name=\"description\" content=\"Dissenyem i Desenvolupem Web sites amb cura i detall. Creem llocs web r\u00e0pids per a qualsevol mida de pantalla seguin els millors est\u00e1ndars.\" \/>\n<meta name=\"robots\" content=\"index, follow, max-snippet:-1, max-image-preview:large, max-video-preview:-1\" \/>\n<link rel=\"canonical\" href=\"https:\/\/illadelsbous.com\/ca\/\" \/>\n<meta name=\"twitter:card\" content=\"summary_large_image\" \/>\n<meta name=\"twitter:title\" content=\"Desenvolupament Web Disseny responsiu interactiu - iaeou\" \/>\n<meta name=\"twitter:description\" content=\"Dissenyem i Desenvolupem Web sites amb cura i detall. Creem llocs web r\u00e0pids per a qualsevol mida de pantalla seguin els millors est\u00e1ndars.\" \/>\n<meta name=\"twitter:image\" content=\"https:\/\/illadelsbous.com\/web19\/wp-content\/uploads\/2018\/11\/bull-ico-Alternative512.png\" \/>\n<script type=\"application\/ld+json\" class=\"yoast-schema-graph\">{\"@context\":\"https:\\\/\\\/schema.org\",\"@graph\":[{\"@type\":\"WebPage\",\"@id\":\"https:\\\/\\\/illadelsbous.com\\\/ca\\\/\",\"url\":\"https:\\\/\\\/illadelsbous.com\\\/ca\\\/\",\"name\":\"Desenvolupament Web Disseny responsiu interactiu - iaeou\",\"isPartOf\":{\"@id\":\"https:\\\/\\\/illadelsbous.com\\\/ca\\\/#website\"},\"primaryImageOfPage\":{\"@id\":\"https:\\\/\\\/illadelsbous.com\\\/ca\\\/#primaryimage\"},\"image\":{\"@id\":\"https:\\\/\\\/illadelsbous.com\\\/ca\\\/#primaryimage\"},\"thumbnailUrl\":\"https:\\\/\\\/illadelsbous.com\\\/web19\\\/wp-content\\\/uploads\\\/2018\\\/11\\\/bull-ico-Alternative512.png\",\"datePublished\":\"2019-04-09T10:05:18+00:00\",\"dateModified\":\"2025-10-22T22:11:19+00:00\",\"description\":\"Dissenyem i Desenvolupem Web sites amb cura i detall. Creem llocs web r\u00e0pids per a qualsevol mida de pantalla seguin els millors est\u00e1ndars.\",\"breadcrumb\":{\"@id\":\"https:\\\/\\\/illadelsbous.com\\\/ca\\\/#breadcrumb\"},\"inLanguage\":\"ca\",\"potentialAction\":[{\"@type\":\"ReadAction\",\"target\":[\"https:\\\/\\\/illadelsbous.com\\\/ca\\\/\"]}]},{\"@type\":\"ImageObject\",\"inLanguage\":\"ca\",\"@id\":\"https:\\\/\\\/illadelsbous.com\\\/ca\\\/#primaryimage\",\"url\":\"https:\\\/\\\/illadelsbous.com\\\/web19\\\/wp-content\\\/uploads\\\/2018\\\/11\\\/bull-ico-Alternative512.png\",\"contentUrl\":\"https:\\\/\\\/illadelsbous.com\\\/web19\\\/wp-content\\\/uploads\\\/2018\\\/11\\\/bull-ico-Alternative512.png\",\"width\":512,\"height\":480,\"caption\":\"Desarrollo web Barcelona Illadelsbous icono\"},{\"@type\":\"BreadcrumbList\",\"@id\":\"https:\\\/\\\/illadelsbous.com\\\/ca\\\/#breadcrumb\",\"itemListElement\":[{\"@type\":\"ListItem\",\"position\":1,\"name\":\"Home\",\"item\":\"https:\\\/\\\/illadelsbous.com\\\/ca\\\/\"},{\"@type\":\"ListItem\",\"position\":2,\"name\":\"\ud83d\udd34 El vostre partner per a disseny i desenvolupament web creatiu\"}]},{\"@type\":\"WebSite\",\"@id\":\"https:\\\/\\\/illadelsbous.com\\\/ca\\\/#website\",\"url\":\"https:\\\/\\\/illadelsbous.com\\\/ca\\\/\",\"name\":\"Illadelsbous\",\"description\":\"Web development - Responsive Design - Interaction and multimedia design\",\"publisher\":{\"@id\":\"https:\\\/\\\/illadelsbous.com\\\/ca\\\/#organization\"},\"potentialAction\":[{\"@type\":\"SearchAction\",\"target\":{\"@type\":\"EntryPoint\",\"urlTemplate\":\"https:\\\/\\\/illadelsbous.com\\\/ca\\\/?s={search_term_string}\"},\"query-input\":{\"@type\":\"PropertyValueSpecification\",\"valueRequired\":true,\"valueName\":\"search_term_string\"}}],\"inLanguage\":\"ca\"},{\"@type\":\"Organization\",\"@id\":\"https:\\\/\\\/illadelsbous.com\\\/ca\\\/#organization\",\"name\":\"Illadelsbous Web Multimedia\",\"url\":\"https:\\\/\\\/illadelsbous.com\\\/ca\\\/\",\"logo\":{\"@type\":\"ImageObject\",\"inLanguage\":\"ca\",\"@id\":\"https:\\\/\\\/illadelsbous.com\\\/ca\\\/#\\\/schema\\\/logo\\\/image\\\/\",\"url\":\"https:\\\/\\\/illadelsbous.com\\\/web19\\\/wp-content\\\/uploads\\\/2019\\\/10\\\/illa-labrinth_animated.svg\",\"contentUrl\":\"https:\\\/\\\/illadelsbous.com\\\/web19\\\/wp-content\\\/uploads\\\/2019\\\/10\\\/illa-labrinth_animated.svg\",\"width\":489,\"height\":489,\"caption\":\"Illadelsbous Web Multimedia\"},\"image\":{\"@id\":\"https:\\\/\\\/illadelsbous.com\\\/ca\\\/#\\\/schema\\\/logo\\\/image\\\/\"}}]}<\/script>\n<!-- \/ Yoast SEO plugin. -->","yoast_head_json":{"title":"Desenvolupament Web Disseny responsiu interactiu - iaeou","description":"Dissenyem i Desenvolupem Web sites amb cura i detall. Creem llocs web r\u00e0pids per a qualsevol mida de pantalla seguin els millors est\u00e1ndars.","robots":{"index":"index","follow":"follow","max-snippet":"max-snippet:-1","max-image-preview":"max-image-preview:large","max-video-preview":"max-video-preview:-1"},"canonical":"https:\/\/illadelsbous.com\/ca\/","twitter_card":"summary_large_image","twitter_title":"Desenvolupament Web Disseny responsiu interactiu - iaeou","twitter_description":"Dissenyem i Desenvolupem Web sites amb cura i detall. Creem llocs web r\u00e0pids per a qualsevol mida de pantalla seguin els millors est\u00e1ndars.","twitter_image":"https:\/\/illadelsbous.com\/web19\/wp-content\/uploads\/2018\/11\/bull-ico-Alternative512.png","schema":{"@context":"https:\/\/schema.org","@graph":[{"@type":"WebPage","@id":"https:\/\/illadelsbous.com\/ca\/","url":"https:\/\/illadelsbous.com\/ca\/","name":"Desenvolupament Web Disseny responsiu interactiu - iaeou","isPartOf":{"@id":"https:\/\/illadelsbous.com\/ca\/#website"},"primaryImageOfPage":{"@id":"https:\/\/illadelsbous.com\/ca\/#primaryimage"},"image":{"@id":"https:\/\/illadelsbous.com\/ca\/#primaryimage"},"thumbnailUrl":"https:\/\/illadelsbous.com\/web19\/wp-content\/uploads\/2018\/11\/bull-ico-Alternative512.png","datePublished":"2019-04-09T10:05:18+00:00","dateModified":"2025-10-22T22:11:19+00:00","description":"Dissenyem i Desenvolupem Web sites amb cura i detall. Creem llocs web r\u00e0pids per a qualsevol mida de pantalla seguin els millors est\u00e1ndars.","breadcrumb":{"@id":"https:\/\/illadelsbous.com\/ca\/#breadcrumb"},"inLanguage":"ca","potentialAction":[{"@type":"ReadAction","target":["https:\/\/illadelsbous.com\/ca\/"]}]},{"@type":"ImageObject","inLanguage":"ca","@id":"https:\/\/illadelsbous.com\/ca\/#primaryimage","url":"https:\/\/illadelsbous.com\/web19\/wp-content\/uploads\/2018\/11\/bull-ico-Alternative512.png","contentUrl":"https:\/\/illadelsbous.com\/web19\/wp-content\/uploads\/2018\/11\/bull-ico-Alternative512.png","width":512,"height":480,"caption":"Desarrollo web Barcelona Illadelsbous icono"},{"@type":"BreadcrumbList","@id":"https:\/\/illadelsbous.com\/ca\/#breadcrumb","itemListElement":[{"@type":"ListItem","position":1,"name":"Home","item":"https:\/\/illadelsbous.com\/ca\/"},{"@type":"ListItem","position":2,"name":"\ud83d\udd34 El vostre partner per a disseny i desenvolupament web creatiu"}]},{"@type":"WebSite","@id":"https:\/\/illadelsbous.com\/ca\/#website","url":"https:\/\/illadelsbous.com\/ca\/","name":"Illadelsbous","description":"Web development - Responsive Design - Interaction and multimedia design","publisher":{"@id":"https:\/\/illadelsbous.com\/ca\/#organization"},"potentialAction":[{"@type":"SearchAction","target":{"@type":"EntryPoint","urlTemplate":"https:\/\/illadelsbous.com\/ca\/?s={search_term_string}"},"query-input":{"@type":"PropertyValueSpecification","valueRequired":true,"valueName":"search_term_string"}}],"inLanguage":"ca"},{"@type":"Organization","@id":"https:\/\/illadelsbous.com\/ca\/#organization","name":"Illadelsbous Web Multimedia","url":"https:\/\/illadelsbous.com\/ca\/","logo":{"@type":"ImageObject","inLanguage":"ca","@id":"https:\/\/illadelsbous.com\/ca\/#\/schema\/logo\/image\/","url":"https:\/\/illadelsbous.com\/web19\/wp-content\/uploads\/2019\/10\/illa-labrinth_animated.svg","contentUrl":"https:\/\/illadelsbous.com\/web19\/wp-content\/uploads\/2019\/10\/illa-labrinth_animated.svg","width":489,"height":489,"caption":"Illadelsbous Web Multimedia"},"image":{"@id":"https:\/\/illadelsbous.com\/ca\/#\/schema\/logo\/image\/"}}]}},"_links":{"self":[{"href":"https:\/\/illadelsbous.com\/ca\/wp-json\/wp\/v2\/pages\/3421","targetHints":{"allow":["GET"]}}],"collection":[{"href":"https:\/\/illadelsbous.com\/ca\/wp-json\/wp\/v2\/pages"}],"about":[{"href":"https:\/\/illadelsbous.com\/ca\/wp-json\/wp\/v2\/types\/page"}],"author":[{"embeddable":true,"href":"https:\/\/illadelsbous.com\/ca\/wp-json\/wp\/v2\/users\/1"}],"replies":[{"embeddable":true,"href":"https:\/\/illadelsbous.com\/ca\/wp-json\/wp\/v2\/comments?post=3421"}],"version-history":[{"count":3,"href":"https:\/\/illadelsbous.com\/ca\/wp-json\/wp\/v2\/pages\/3421\/revisions"}],"predecessor-version":[{"id":4830,"href":"https:\/\/illadelsbous.com\/ca\/wp-json\/wp\/v2\/pages\/3421\/revisions\/4830"}],"wp:featuredmedia":[{"embeddable":true,"href":"https:\/\/illadelsbous.com\/ca\/wp-json\/wp\/v2\/media\/3422"}],"wp:attachment":[{"href":"https:\/\/illadelsbous.com\/ca\/wp-json\/wp\/v2\/media?parent=3421"}],"curies":[{"name":"wp","href":"https:\/\/api.w.org\/{rel}","templated":true}]}}