{"id":3698,"date":"2016-04-12T12:38:24","date_gmt":"2016-04-12T10:38:24","guid":{"rendered":"https:\/\/www.illadelsbous.com\/contact\/"},"modified":"2026-02-02T13:59:25","modified_gmt":"2026-02-02T11:59:25","slug":"contact-diseno-web-barcelona","status":"publish","type":"page","link":"https:\/\/illadelsbous.com\/es\/contact-diseno-web-barcelona\/","title":{"rendered":"Contacta con IlladelsBous: Tu Estudio de Dise\u00f1o Web en Barcelona"},"content":{"rendered":"<div class=\"grid kcm\">\n<div class=\"grid__item two-twelfths portable--auto lap--auto palm--auto top-no-padding bottom-no-padding \" data-style=\"undefined\">\n<p class=\"p1\"><span style=\"font-size: 18px;\">Contacta ahora<\/span><\/p>\n<p class=\"p1\"><span style=\"font-size: 18px;\">Nos gusta decir <span class=\"s1\">\u201c<\/span>Hola! \/ Hello!<span class=\"s1\">\u201d<\/span><\/span><\/p>\n<p><img loading=\"lazy\" decoding=\"async\" class=\"alignnone wp-image-3264\" role=\"img\" src=\"https:\/\/illadelsbous.com\/web19\/wp-content\/uploads\/2019\/10\/illa-labrinth_animated.svg\" alt=\"Dise\u00f1o Web Barcelona\" width=\"108\" height=\"108\" srcset=\"https:\/\/illadelsbous.com\/web19\/wp-content\/uploads\/\/2019\/10\/illa-labrinth_animated.svg 150w, https:\/\/illadelsbous.com\/web19\/wp-content\/uploads\/\/2019\/10\/illa-labrinth_animated.svg 300w, https:\/\/illadelsbous.com\/web19\/wp-content\/uploads\/\/2019\/10\/illa-labrinth_animated.svg 1024w, https:\/\/illadelsbous.com\/web19\/wp-content\/uploads\/\/2019\/10\/illa-labrinth_animated.svg 489w\" sizes=\"auto, (max-width: 108px) 100vw, 108px\" \/><\/p>\n<\/div>\n<div class=\"grid__item two-twelfths portable--auto lap--auto palm--auto top-no-padding bottom-no-padding \" data-style=\"\"><\/div>\n<div class=\"grid__item two-twelfths portable--auto lap--auto palm--auto top-no-padding bottom-no-padding \" data-style=\"undefined\">\n<ul>\n<li class=\"p1\"><a href=\"mailto:hola@illadelsbous.com\" target=\"_blank\" rel=\"noopener noreferrer\">hola@illadelsbous.com<\/a><\/li>\n<li class=\"p1\">Barcelona<\/li>\n<li class=\"p1\">Espa\u00f1a<\/li>\n<\/ul>\n<\/div>\n<div class=\"grid__item six-twelfths portable--auto lap--auto palm--auto top-no-padding bottom-no-padding \" data-style=\"\"><\/div>\n<\/div>\n","protected":false},"excerpt":{"rendered":"<p>Contacta ahora Nos gusta decir \u201cHola! \/ Hello!\u201d hola@illadelsbous.com Barcelona Espa\u00f1a<\/p>\n","protected":false},"author":1,"featured_media":0,"parent":0,"menu_order":0,"comment_status":"closed","ping_status":"closed","template":"template-contact.php","meta":{"_acf_changed":false,"googlesitekit_rrm_CAowj9y7DA:productID":"","footnotes":""},"class_list":["post-3698","page","type-page","status-publish","hentry"],"acf":[],"yoast_head":"<!-- This site is optimized with the Yoast SEO plugin v27.4 - https:\/\/yoast.com\/product\/yoast-seo-wordpress\/ -->\n<title>Contacto Estudio Dise\u00f1o Web Barcelona - IlladelsBous<\/title>\n<meta name=\"description\" content=\"Contacta con nuestro estudio de dise\u00f1o web en Barcelona. Env\u00edanos un email o ll\u00e1manos para hablar de tu proyecto. \u00a1Listos para ayudarte!\" \/>\n<meta name=\"robots\" content=\"index, follow, max-snippet:-1, max-image-preview:large, max-video-preview:-1\" \/>\n<link rel=\"canonical\" href=\"https:\/\/illadelsbous.com\/es\/contact-diseno-web-barcelona\/\" \/>\n<meta name=\"twitter:card\" content=\"summary_large_image\" \/>\n<meta name=\"twitter:title\" content=\"Contacto Estudio Dise\u00f1o Web Barcelona - IlladelsBous\" \/>\n<meta name=\"twitter:description\" content=\"Contacta con nuestro estudio de dise\u00f1o web en Barcelona. Env\u00edanos un email o ll\u00e1manos para hablar de tu proyecto. \u00a1Listos para ayudarte!\" \/>\n<script type=\"application\/ld+json\" class=\"yoast-schema-graph\">{\"@context\":\"https:\\\/\\\/schema.org\",\"@graph\":[{\"@type\":\"WebPage\",\"@id\":\"https:\\\/\\\/illadelsbous.com\\\/es\\\/contact-diseno-web-barcelona\\\/\",\"url\":\"https:\\\/\\\/illadelsbous.com\\\/es\\\/contact-diseno-web-barcelona\\\/\",\"name\":\"Contacto Estudio Dise\u00f1o Web Barcelona - IlladelsBous\",\"isPartOf\":{\"@id\":\"https:\\\/\\\/illadelsbous.com\\\/es\\\/#website\"},\"primaryImageOfPage\":{\"@id\":\"https:\\\/\\\/illadelsbous.com\\\/es\\\/contact-diseno-web-barcelona\\\/#primaryimage\"},\"image\":{\"@id\":\"https:\\\/\\\/illadelsbous.com\\\/es\\\/contact-diseno-web-barcelona\\\/#primaryimage\"},\"thumbnailUrl\":\"https:\\\/\\\/illadelsbous.com\\\/web19\\\/wp-content\\\/uploads\\\/2019\\\/10\\\/illa-labrinth_animated.svg\",\"datePublished\":\"2016-04-12T10:38:24+00:00\",\"dateModified\":\"2026-02-02T11:59:25+00:00\",\"description\":\"Contacta con nuestro estudio de dise\u00f1o web en Barcelona. Env\u00edanos un email o ll\u00e1manos para hablar de tu proyecto. \u00a1Listos para ayudarte!\",\"breadcrumb\":{\"@id\":\"https:\\\/\\\/illadelsbous.com\\\/es\\\/contact-diseno-web-barcelona\\\/#breadcrumb\"},\"inLanguage\":\"es\",\"potentialAction\":[{\"@type\":\"ReadAction\",\"target\":[\"https:\\\/\\\/illadelsbous.com\\\/es\\\/contact-diseno-web-barcelona\\\/\"]}]},{\"@type\":\"ImageObject\",\"inLanguage\":\"es\",\"@id\":\"https:\\\/\\\/illadelsbous.com\\\/es\\\/contact-diseno-web-barcelona\\\/#primaryimage\",\"url\":\"https:\\\/\\\/illadelsbous.com\\\/web19\\\/wp-content\\\/uploads\\\/2019\\\/10\\\/illa-labrinth_animated.svg\",\"contentUrl\":\"https:\\\/\\\/illadelsbous.com\\\/web19\\\/wp-content\\\/uploads\\\/2019\\\/10\\\/illa-labrinth_animated.svg\"},{\"@type\":\"BreadcrumbList\",\"@id\":\"https:\\\/\\\/illadelsbous.com\\\/es\\\/contact-diseno-web-barcelona\\\/#breadcrumb\",\"itemListElement\":[{\"@type\":\"ListItem\",\"position\":1,\"name\":\"Home\",\"item\":\"https:\\\/\\\/illadelsbous.com\\\/es\\\/\"},{\"@type\":\"ListItem\",\"position\":2,\"name\":\"Contacta con IlladelsBous: Tu Estudio de Dise\u00f1o Web en Barcelona\"}]},{\"@type\":\"WebSite\",\"@id\":\"https:\\\/\\\/illadelsbous.com\\\/es\\\/#website\",\"url\":\"https:\\\/\\\/illadelsbous.com\\\/es\\\/\",\"name\":\"Illadelsbous\",\"description\":\"Web development - Responsive Design - Interaction and multimedia design\",\"publisher\":{\"@id\":\"https:\\\/\\\/illadelsbous.com\\\/es\\\/#organization\"},\"potentialAction\":[{\"@type\":\"SearchAction\",\"target\":{\"@type\":\"EntryPoint\",\"urlTemplate\":\"https:\\\/\\\/illadelsbous.com\\\/es\\\/?s={search_term_string}\"},\"query-input\":{\"@type\":\"PropertyValueSpecification\",\"valueRequired\":true,\"valueName\":\"search_term_string\"}}],\"inLanguage\":\"es\"},{\"@type\":\"Organization\",\"@id\":\"https:\\\/\\\/illadelsbous.com\\\/es\\\/#organization\",\"name\":\"Illadelsbous Web Multimedia\",\"url\":\"https:\\\/\\\/illadelsbous.com\\\/es\\\/\",\"logo\":{\"@type\":\"ImageObject\",\"inLanguage\":\"es\",\"@id\":\"https:\\\/\\\/illadelsbous.com\\\/es\\\/#\\\/schema\\\/logo\\\/image\\\/\",\"url\":\"https:\\\/\\\/illadelsbous.com\\\/web19\\\/wp-content\\\/uploads\\\/2019\\\/10\\\/illa-labrinth_animated.svg\",\"contentUrl\":\"https:\\\/\\\/illadelsbous.com\\\/web19\\\/wp-content\\\/uploads\\\/2019\\\/10\\\/illa-labrinth_animated.svg\",\"width\":489,\"height\":489,\"caption\":\"Illadelsbous Web Multimedia\"},\"image\":{\"@id\":\"https:\\\/\\\/illadelsbous.com\\\/es\\\/#\\\/schema\\\/logo\\\/image\\\/\"}}]}<\/script>\n<!-- \/ Yoast SEO plugin. -->","yoast_head_json":{"title":"Contacto Estudio Dise\u00f1o Web Barcelona - IlladelsBous","description":"Contacta con nuestro estudio de dise\u00f1o web en Barcelona. Env\u00edanos un email o ll\u00e1manos para hablar de tu proyecto. \u00a1Listos para ayudarte!","robots":{"index":"index","follow":"follow","max-snippet":"max-snippet:-1","max-image-preview":"max-image-preview:large","max-video-preview":"max-video-preview:-1"},"canonical":"https:\/\/illadelsbous.com\/es\/contact-diseno-web-barcelona\/","twitter_card":"summary_large_image","twitter_title":"Contacto Estudio Dise\u00f1o Web Barcelona - IlladelsBous","twitter_description":"Contacta con nuestro estudio de dise\u00f1o web en Barcelona. Env\u00edanos un email o ll\u00e1manos para hablar de tu proyecto. \u00a1Listos para ayudarte!","schema":{"@context":"https:\/\/schema.org","@graph":[{"@type":"WebPage","@id":"https:\/\/illadelsbous.com\/es\/contact-diseno-web-barcelona\/","url":"https:\/\/illadelsbous.com\/es\/contact-diseno-web-barcelona\/","name":"Contacto Estudio Dise\u00f1o Web Barcelona - IlladelsBous","isPartOf":{"@id":"https:\/\/illadelsbous.com\/es\/#website"},"primaryImageOfPage":{"@id":"https:\/\/illadelsbous.com\/es\/contact-diseno-web-barcelona\/#primaryimage"},"image":{"@id":"https:\/\/illadelsbous.com\/es\/contact-diseno-web-barcelona\/#primaryimage"},"thumbnailUrl":"https:\/\/illadelsbous.com\/web19\/wp-content\/uploads\/2019\/10\/illa-labrinth_animated.svg","datePublished":"2016-04-12T10:38:24+00:00","dateModified":"2026-02-02T11:59:25+00:00","description":"Contacta con nuestro estudio de dise\u00f1o web en Barcelona. Env\u00edanos un email o ll\u00e1manos para hablar de tu proyecto. \u00a1Listos para ayudarte!","breadcrumb":{"@id":"https:\/\/illadelsbous.com\/es\/contact-diseno-web-barcelona\/#breadcrumb"},"inLanguage":"es","potentialAction":[{"@type":"ReadAction","target":["https:\/\/illadelsbous.com\/es\/contact-diseno-web-barcelona\/"]}]},{"@type":"ImageObject","inLanguage":"es","@id":"https:\/\/illadelsbous.com\/es\/contact-diseno-web-barcelona\/#primaryimage","url":"https:\/\/illadelsbous.com\/web19\/wp-content\/uploads\/2019\/10\/illa-labrinth_animated.svg","contentUrl":"https:\/\/illadelsbous.com\/web19\/wp-content\/uploads\/2019\/10\/illa-labrinth_animated.svg"},{"@type":"BreadcrumbList","@id":"https:\/\/illadelsbous.com\/es\/contact-diseno-web-barcelona\/#breadcrumb","itemListElement":[{"@type":"ListItem","position":1,"name":"Home","item":"https:\/\/illadelsbous.com\/es\/"},{"@type":"ListItem","position":2,"name":"Contacta con IlladelsBous: Tu Estudio de Dise\u00f1o Web en Barcelona"}]},{"@type":"WebSite","@id":"https:\/\/illadelsbous.com\/es\/#website","url":"https:\/\/illadelsbous.com\/es\/","name":"Illadelsbous","description":"Web development - Responsive Design - Interaction and multimedia design","publisher":{"@id":"https:\/\/illadelsbous.com\/es\/#organization"},"potentialAction":[{"@type":"SearchAction","target":{"@type":"EntryPoint","urlTemplate":"https:\/\/illadelsbous.com\/es\/?s={search_term_string}"},"query-input":{"@type":"PropertyValueSpecification","valueRequired":true,"valueName":"search_term_string"}}],"inLanguage":"es"},{"@type":"Organization","@id":"https:\/\/illadelsbous.com\/es\/#organization","name":"Illadelsbous Web Multimedia","url":"https:\/\/illadelsbous.com\/es\/","logo":{"@type":"ImageObject","inLanguage":"es","@id":"https:\/\/illadelsbous.com\/es\/#\/schema\/logo\/image\/","url":"https:\/\/illadelsbous.com\/web19\/wp-content\/uploads\/2019\/10\/illa-labrinth_animated.svg","contentUrl":"https:\/\/illadelsbous.com\/web19\/wp-content\/uploads\/2019\/10\/illa-labrinth_animated.svg","width":489,"height":489,"caption":"Illadelsbous Web Multimedia"},"image":{"@id":"https:\/\/illadelsbous.com\/es\/#\/schema\/logo\/image\/"}}]}},"_links":{"self":[{"href":"https:\/\/illadelsbous.com\/es\/wp-json\/wp\/v2\/pages\/3698","targetHints":{"allow":["GET"]}}],"collection":[{"href":"https:\/\/illadelsbous.com\/es\/wp-json\/wp\/v2\/pages"}],"about":[{"href":"https:\/\/illadelsbous.com\/es\/wp-json\/wp\/v2\/types\/page"}],"author":[{"embeddable":true,"href":"https:\/\/illadelsbous.com\/es\/wp-json\/wp\/v2\/users\/1"}],"replies":[{"embeddable":true,"href":"https:\/\/illadelsbous.com\/es\/wp-json\/wp\/v2\/comments?post=3698"}],"version-history":[{"count":4,"href":"https:\/\/illadelsbous.com\/es\/wp-json\/wp\/v2\/pages\/3698\/revisions"}],"predecessor-version":[{"id":4792,"href":"https:\/\/illadelsbous.com\/es\/wp-json\/wp\/v2\/pages\/3698\/revisions\/4792"}],"wp:attachment":[{"href":"https:\/\/illadelsbous.com\/es\/wp-json\/wp\/v2\/media?parent=3698"}],"curies":[{"name":"wp","href":"https:\/\/api.w.org\/{rel}","templated":true}]}}