{"id":3704,"date":"2019-04-09T12:05:18","date_gmt":"2019-04-09T10:05:18","guid":{"rendered":"https:\/\/www.illadelsbous.com\/projects\/"},"modified":"2025-11-28T12:32:00","modified_gmt":"2025-11-28T10:32:00","slug":"projects","status":"publish","type":"page","link":"https:\/\/illadelsbous.com\/es\/","title":{"rendered":"\ud83d\udd35 Tu Partner para Dise\u00f1o y Desarrollo Web Creativo en Barcelona"},"content":{"rendered":"<div class=\"grid kcm\">\n<div class=\"grid__item two-twelfths portable--auto lap--four-twelfths palm--auto top-no-padding bottom-large-padding \" data-style=\"undefined\">\n<p class=\"p1\"><span class=\"s1\" style=\"color: #414141; font-size: 21px;\">Disponible para trabajar por proyecto o por horas. Contacta si tienes alg\u00fan proyecto de dise\u00f1o web, u otro servicio en mente. Veremos todas las posibilidades juntos<\/span><\/p>\n<\/div>\n<div class=\"grid__item one-twelfth portable--auto lap--hide palm--hide top-no-padding bottom-no-padding \" data-style=\"undefined\"><\/div>\n<div class=\"grid__item seven-twelfths portable--auto lap--eight-twelfths palm--auto top-no-padding bottom-large-padding   \" data-style=\"undefined\">\n<h2><strong><span style=\"font-size: 28px; color: #808080;\"> \u00a1Hola! somos un peque\u00f1o estudio de desarrollo web en Barcelona que dise\u00f1a y desarrolla para proyectos digitales.<\/span><\/strong><\/h2>\n<p><span style=\"font-size: 28px; color: #808080;\">Nos especializamos en el desarrollo de p\u00e1ginas web desde cero, prestando atenci\u00f3n a <strong>la estructura, la experiencia de usuario y el rendimiento.<\/strong> <\/span><\/p>\n<p><span style=\"font-size: 28px; color: #808080;\">Cada proyecto se planifica de manera personalizada, ofreciendo dise\u00f1o web adaptativo con WordPress para garantizar sitios <strong>completamente responsive y preparados para crecer junto al negocio del cliente.<\/strong><\/span><\/p>\n<p><img loading=\"lazy\" decoding=\"async\" class=\"alignnone size-thumbnail\" src=\"https:\/\/illadelsbous.com\/img\/loader3.svg\" width=\"64\" height=\"64\" \/> <img loading=\"lazy\" decoding=\"async\" class=\"alignnone size-thumbnail\" src=\"https:\/\/illadelsbous.com\/img\/loader33.svg\" width=\"64\" height=\"64\" \/> <img loading=\"lazy\" decoding=\"async\" class=\"alignnone size-thumbnail\" src=\"https:\/\/illadelsbous.com\/img\/loader3.svg\" width=\"64\" height=\"64\" \/><\/p>\n<\/div>\n<div class=\"grid__item three-twelfths portable--auto lap--auto palm--auto top-no-padding bottom-no-padding \" data-style=\"\">\n<h3><span class=\"underlined-heading\">Nos gusta<br \/>\nhacer cosas como<\/span><\/h3>\n<\/div>\n<div class=\"grid__item three-twelfths portable--auto lap--four-twelfths palm--auto top-no-padding bottom-no-padding \" data-style=\"undefined\">\n<ul>\n<li>Dise\u00f1o y Desarrollo web<\/li>\n<li>Desarrollo WordPress<\/li>\n<li>Desarrollo Woocommerce<\/li>\n<li>Desarrollo Mobile First<\/li>\n<li>Dise\u00f1o web adaptable<\/li>\n<li>Rendimiento web<\/li>\n<\/ul>\n<\/div>\n<div class=\"grid__item three-twelfths portable--auto lap--five-twelfths palm--auto top-no-padding bottom-no-padding \" data-style=\"undefined\">\n<ul>\n<li>Gesti\u00f3n de proyectos<\/li>\n<li>Arquitectura de informaci\u00f3n<\/li>\n<li>Dise\u00f1o de interfaz de usuario (UI)<\/li>\n<li>Dise\u00f1o de experiencia de usuario (UX)<\/li>\n<li>An\u00e1lisis de usabilidad<\/li>\n<li>Servicios de asistencia<\/li>\n<\/ul>\n<\/div>\n<div class=\"grid__item three-twelfths portable--auto lap--three-twelfths palm--auto top-no-padding bottom-medium-padding \" data-style=\"undefined\">\n<ul>\n<li>Estrategia digital<\/li>\n<li>Marketing digital<\/li>\n<li>An\u00e1lisis web<\/li>\n<li>SEO<\/li>\n<li>PPC \/ SEM<\/li>\n<\/ul>\n<\/div>\n<div class=\"grid__item four-twelfths portable--auto lap--auto palm--auto top-no-padding bottom-no-padding \" data-style=\"\">\n<p><span style=\"font-size: 32px; color: #999999;\"><img loading=\"lazy\" decoding=\"async\" class=\"size-thumbnail wp-image-3123 alignright\" role=\"img\" src=\"https:\/\/illadelsbous.com\/web19\/wp-content\/uploads\/2019\/10\/solution.svg\" alt=\"\" width=\"150\" height=\"150\" srcset=\"https:\/\/illadelsbous.com\/web19\/wp-content\/uploads\/\/2019\/10\/solution.svg 150w, https:\/\/illadelsbous.com\/web19\/wp-content\/uploads\/\/2019\/10\/solution.svg 300w, https:\/\/illadelsbous.com\/web19\/wp-content\/uploads\/\/2019\/10\/solution.svg 1024w, https:\/\/illadelsbous.com\/web19\/wp-content\/uploads\/\/2019\/10\/solution.svg 512w\" sizes=\"auto, (max-width: 150px) 100vw, 150px\" \/><\/span><\/p>\n<\/div>\n<div class=\"grid__item four-twelfths portable--auto lap--eight-twelfths palm--auto top-no-padding bottom-large-padding \" data-style=\"undefined\">\n<p>Para tu proyecto de <b>desarrollo web en Barcelona <\/b>\u2014o en cualquier lugar del mundo\u2014 ya sea creando una web desde cero, con WordPress u otro CMS, cuenta con nosotros. Te ofrecemos tambi\u00e9n el soporte t\u00e9cnico que necesitas y la mejor estrategia digital con SEO y SEM para impulsar tu negocio.<\/p>\n<\/div>\n<div class=\"grid__item one-twelfth portable--auto lap--auto palm--auto top-no-padding bottom-no-padding \" data-style=\"\">\n<p><script type=\"application\/ld+json\">\n{\n  \"@context\": \"https:\/\/schema.org\",\n  \"@type\": \"ProfessionalService\",\n  \"name\": \"Illadelsbous\",\n  \"url\": \"https:\/\/illadelsbous.com\/es\/\",\n  \"logo\": \"https:\/\/illadelsbous.com\/web19\/wp-content\/uploads\/2019\/04\/logo-illa-bous-puntroig-1.gif\",\n  \"telephone\": \"+34 647537739\",\n  \"email\": \"hola@illadelsbous.com\",\n  \"areaServed\": {\n    \"@type\": \"Place\",\n    \"name\": \"Barcelona, Espa\u00f1a\"\n  },\n  \"openingHoursSpecification\": [\n    {\n      \"@type\": \"OpeningHoursSpecification\",\n      \"dayOfWeek\": [\"Monday\",\"Tuesday\",\"Wednesday\",\"Thursday\",\"Friday\"],\n      \"opens\": \"09:00\",\n      \"closes\": \"18:00\"\n    }\n  ],\n  \"priceRange\": \"$$\",\n  \"sameAs\": [\n    \"https:\/\/www.linkedin.com\/in\/jaumesubirats\/\",\n    \"https:\/\/x.com\/jaumesubirats\"\n  ],\n  \"makesOffer\": [\n    {\n      \"@type\": \"Offer\",\n      \"itemOffered\": {\n        \"@type\": \"Service\",\n        \"name\": \"Dise\u00f1o y Desarrollo web\",\n        \"description\": \"Creamos sitios web a medida, combinando un dise\u00f1o atractivo con un desarrollo t\u00e9cnico impecable para una presencia online s\u00f3lida y profesional.\"\n      },\n      \"url\": \"https:\/\/illadelsbous.com\/es\/\"\n    },\n    {\n      \"@type\": \"Offer\",\n      \"itemOffered\": {\n        \"@type\": \"Service\",\n        \"name\": \"Desarrollo WordPress\",\n        \"description\": \"Desarrollamos y personalizamos tu sitio web con WordPress, aprovechando su flexibilidad para crear una soluci\u00f3n robusta y f\u00e1cil de gestionar.\"\n      },\n      \"url\": \"https:\/\/illadelsbous.com\/es\/\"\n    },\n    {\n      \"@type\": \"Offer\",\n      \"itemOffered\": {\n        \"@type\": \"Service\",\n        \"name\": \"Desarrollo Woocommerce\",\n        \"description\": \"Implementamos tiendas online potentes y personalizadas con WooCommerce, optimizadas para vender y crecer en el mundo digital.\"\n      },\n      \"url\": \"https:\/\/illadelsbous.com\/es\/\"\n    },\n    {\n      \"@type\": \"Offer\",\n      \"itemOffered\": {\n        \"@type\": \"Service\",\n        \"name\": \"Desarrollo Mobile First\",\n        \"description\": \"Dise\u00f1amos y desarrollamos tu web pensando primero en m\u00f3viles, garantizando una experiencia perfecta para la mayor\u00eda de tus usuarios.\"\n      },\n      \"url\": \"https:\/\/illadelsbous.com\/es\/\"\n    },\n    {\n      \"@type\": \"Offer\",\n      \"itemOffered\": {\n        \"@type\": \"Service\",\n        \"name\": \"Dise\u00f1o web adaptable\",\n        \"description\": \"Creamos dise\u00f1os web que se adaptan y visualizan correctamente en cualquier dispositivo, desde ordenadores hasta smartphones.\"\n      },\n      \"url\": \"https:\/\/illadelsbous.com\/es\/\"\n    },\n    {\n      \"@type\": \"Offer\",\n      \"itemOffered\": {\n        \"@type\": \"Service\",\n        \"name\": \"Rendimiento web\",\n        \"description\": \"Optimizamos la velocidad y eficiencia de tu web para mejorar la experiencia de usuario y su posicionamiento en buscadores.\"\n      },\n      \"url\": \"https:\/\/illadelsbous.com\/es\/\"\n    },\n    {\n      \"@type\": \"Offer\",\n      \"itemOffered\": {\n        \"@type\": \"Service\",\n        \"name\": \"Dise\u00f1o de experiencia de usuario (UX)\",\n        \"description\": \"Dise\u00f1amos la estructura y flujo de tu web centr\u00e1ndonos en el usuario, para hacerla intuitiva, satisfactoria y efectiva.\"\n      },\n      \"url\": \"https:\/\/illadelsbous.com\/es\/\"\n    },\n    {\n      \"@type\": \"Offer\",\n      \"itemOffered\": {\n        \"@type\": \"Service\",\n        \"name\": \"SEO\",\n        \"description\": \"Mejoramos tu visibilidad org\u00e1nica en buscadores con estrategias t\u00e9cnicas y de contenido para atraer tr\u00e1fico cualificado de forma constante.\"\n      },\n      \"url\": \"https:\/\/illadelsbous.com\/es\/\"\n    },\n    {\n      \"@type\": \"Offer\",\n      \"itemOffered\": {\n        \"@type\": \"Service\",\n        \"name\": \"PPC \/ SEM\",\n        \"description\": \"Gestionamos campa\u00f1as de publicidad online de pago por clic para generar leads y ventas de forma inmediata y medible.\"\n      },\n      \"url\": \"https:\/\/illadelsbous.com\/es\/\"\n    }\n  ]\n}\n<\/script><\/p>\n<\/div>\n<\/div>\n","protected":false},"excerpt":{"rendered":"<p>Disponible para trabajar por proyecto o por horas. Contacta si tienes alg\u00fan proyecto de dise\u00f1o web, u otro servicio en mente. Veremos todas las posibilidades juntos \u00a1Hola! somos un peque\u00f1o estudio de desarrollo web en Barcelona que dise\u00f1a y desarrolla para proyectos digitales. Nos especializamos en el desarrollo de p\u00e1ginas web desde cero, prestando atenci\u00f3n [&hellip;]<\/p>\n","protected":false},"author":1,"featured_media":3705,"parent":0,"menu_order":0,"comment_status":"closed","ping_status":"closed","template":"","meta":{"_acf_changed":false,"googlesitekit_rrm_CAowj9y7DA:productID":"","footnotes":""},"class_list":["post-3704","page","type-page","status-publish","has-post-thumbnail","hentry"],"acf":[],"yoast_head":"<!-- This site is optimized with the Yoast SEO plugin v27.5 - https:\/\/yoast.com\/product\/yoast-seo-wordpress\/ -->\n<title>Dise\u00f1o Web en Barcelona | Agencia Creativa y Desarrollo a Medida<\/title>\n<meta name=\"description\" content=\"Especialistas en dise\u00f1o web en Barcelona, creando sitios r\u00e1pidos, responsive y optimizados para SEO. Desarrollo a medida y soporte continuo.\" \/>\n<meta name=\"robots\" content=\"index, follow, max-snippet:-1, max-image-preview:large, max-video-preview:-1\" \/>\n<link rel=\"canonical\" href=\"https:\/\/illadelsbous.com\/es\/\" \/>\n<meta name=\"twitter:card\" content=\"summary_large_image\" \/>\n<meta name=\"twitter:title\" content=\"Dise\u00f1o Web en Barcelona | Agencia Creativa y Desarrollo a Medida\" \/>\n<meta name=\"twitter:description\" content=\"Especialistas en dise\u00f1o web en Barcelona, creando sitios r\u00e1pidos, responsive y optimizados para SEO. Desarrollo a medida y soporte continuo.\" \/>\n<meta name=\"twitter:image\" content=\"https:\/\/illadelsbous.com\/web19\/wp-content\/uploads\/2018\/11\/bull-ico-Alternative512.png\" \/>\n<script type=\"application\/ld+json\" class=\"yoast-schema-graph\">{\"@context\":\"https:\\\/\\\/schema.org\",\"@graph\":[{\"@type\":\"WebPage\",\"@id\":\"https:\\\/\\\/illadelsbous.com\\\/es\\\/\",\"url\":\"https:\\\/\\\/illadelsbous.com\\\/es\\\/\",\"name\":\"Dise\u00f1o Web en Barcelona | Agencia Creativa y Desarrollo a Medida\",\"isPartOf\":{\"@id\":\"https:\\\/\\\/illadelsbous.com\\\/es\\\/#website\"},\"primaryImageOfPage\":{\"@id\":\"https:\\\/\\\/illadelsbous.com\\\/es\\\/#primaryimage\"},\"image\":{\"@id\":\"https:\\\/\\\/illadelsbous.com\\\/es\\\/#primaryimage\"},\"thumbnailUrl\":\"https:\\\/\\\/illadelsbous.com\\\/web19\\\/wp-content\\\/uploads\\\/2018\\\/11\\\/bull-ico-Alternative512.png\",\"datePublished\":\"2019-04-09T10:05:18+00:00\",\"dateModified\":\"2025-11-28T10:32:00+00:00\",\"description\":\"Especialistas en dise\u00f1o web en Barcelona, creando sitios r\u00e1pidos, responsive y optimizados para SEO. Desarrollo a medida y soporte continuo.\",\"breadcrumb\":{\"@id\":\"https:\\\/\\\/illadelsbous.com\\\/es\\\/#breadcrumb\"},\"inLanguage\":\"es\",\"potentialAction\":[{\"@type\":\"ReadAction\",\"target\":[\"https:\\\/\\\/illadelsbous.com\\\/es\\\/\"]}]},{\"@type\":\"ImageObject\",\"inLanguage\":\"es\",\"@id\":\"https:\\\/\\\/illadelsbous.com\\\/es\\\/#primaryimage\",\"url\":\"https:\\\/\\\/illadelsbous.com\\\/web19\\\/wp-content\\\/uploads\\\/2018\\\/11\\\/bull-ico-Alternative512.png\",\"contentUrl\":\"https:\\\/\\\/illadelsbous.com\\\/web19\\\/wp-content\\\/uploads\\\/2018\\\/11\\\/bull-ico-Alternative512.png\",\"width\":512,\"height\":480,\"caption\":\"Desarrollo web Barcelona Illadelsbous icono\"},{\"@type\":\"BreadcrumbList\",\"@id\":\"https:\\\/\\\/illadelsbous.com\\\/es\\\/#breadcrumb\",\"itemListElement\":[{\"@type\":\"ListItem\",\"position\":1,\"name\":\"Home\",\"item\":\"https:\\\/\\\/illadelsbous.com\\\/es\\\/\"},{\"@type\":\"ListItem\",\"position\":2,\"name\":\"\ud83d\udd35 Tu Partner para Dise\u00f1o y Desarrollo Web Creativo en Barcelona\"}]},{\"@type\":\"WebSite\",\"@id\":\"https:\\\/\\\/illadelsbous.com\\\/es\\\/#website\",\"url\":\"https:\\\/\\\/illadelsbous.com\\\/es\\\/\",\"name\":\"Illadelsbous\",\"description\":\"Web development - Responsive Design - Interaction and multimedia design\",\"publisher\":{\"@id\":\"https:\\\/\\\/illadelsbous.com\\\/es\\\/#organization\"},\"potentialAction\":[{\"@type\":\"SearchAction\",\"target\":{\"@type\":\"EntryPoint\",\"urlTemplate\":\"https:\\\/\\\/illadelsbous.com\\\/es\\\/?s={search_term_string}\"},\"query-input\":{\"@type\":\"PropertyValueSpecification\",\"valueRequired\":true,\"valueName\":\"search_term_string\"}}],\"inLanguage\":\"es\"},{\"@type\":\"Organization\",\"@id\":\"https:\\\/\\\/illadelsbous.com\\\/es\\\/#organization\",\"name\":\"Illadelsbous Web Multimedia\",\"url\":\"https:\\\/\\\/illadelsbous.com\\\/es\\\/\",\"logo\":{\"@type\":\"ImageObject\",\"inLanguage\":\"es\",\"@id\":\"https:\\\/\\\/illadelsbous.com\\\/es\\\/#\\\/schema\\\/logo\\\/image\\\/\",\"url\":\"https:\\\/\\\/illadelsbous.com\\\/web19\\\/wp-content\\\/uploads\\\/2019\\\/10\\\/illa-labrinth_animated.svg\",\"contentUrl\":\"https:\\\/\\\/illadelsbous.com\\\/web19\\\/wp-content\\\/uploads\\\/2019\\\/10\\\/illa-labrinth_animated.svg\",\"width\":489,\"height\":489,\"caption\":\"Illadelsbous Web Multimedia\"},\"image\":{\"@id\":\"https:\\\/\\\/illadelsbous.com\\\/es\\\/#\\\/schema\\\/logo\\\/image\\\/\"}}]}<\/script>\n<!-- \/ Yoast SEO plugin. -->","yoast_head_json":{"title":"Dise\u00f1o Web en Barcelona | Agencia Creativa y Desarrollo a Medida","description":"Especialistas en dise\u00f1o web en Barcelona, creando sitios r\u00e1pidos, responsive y optimizados para SEO. Desarrollo a medida y soporte continuo.","robots":{"index":"index","follow":"follow","max-snippet":"max-snippet:-1","max-image-preview":"max-image-preview:large","max-video-preview":"max-video-preview:-1"},"canonical":"https:\/\/illadelsbous.com\/es\/","twitter_card":"summary_large_image","twitter_title":"Dise\u00f1o Web en Barcelona | Agencia Creativa y Desarrollo a Medida","twitter_description":"Especialistas en dise\u00f1o web en Barcelona, creando sitios r\u00e1pidos, responsive y optimizados para SEO. Desarrollo a medida y soporte continuo.","twitter_image":"https:\/\/illadelsbous.com\/web19\/wp-content\/uploads\/2018\/11\/bull-ico-Alternative512.png","schema":{"@context":"https:\/\/schema.org","@graph":[{"@type":"WebPage","@id":"https:\/\/illadelsbous.com\/es\/","url":"https:\/\/illadelsbous.com\/es\/","name":"Dise\u00f1o Web en Barcelona | Agencia Creativa y Desarrollo a Medida","isPartOf":{"@id":"https:\/\/illadelsbous.com\/es\/#website"},"primaryImageOfPage":{"@id":"https:\/\/illadelsbous.com\/es\/#primaryimage"},"image":{"@id":"https:\/\/illadelsbous.com\/es\/#primaryimage"},"thumbnailUrl":"https:\/\/illadelsbous.com\/web19\/wp-content\/uploads\/2018\/11\/bull-ico-Alternative512.png","datePublished":"2019-04-09T10:05:18+00:00","dateModified":"2025-11-28T10:32:00+00:00","description":"Especialistas en dise\u00f1o web en Barcelona, creando sitios r\u00e1pidos, responsive y optimizados para SEO. Desarrollo a medida y soporte continuo.","breadcrumb":{"@id":"https:\/\/illadelsbous.com\/es\/#breadcrumb"},"inLanguage":"es","potentialAction":[{"@type":"ReadAction","target":["https:\/\/illadelsbous.com\/es\/"]}]},{"@type":"ImageObject","inLanguage":"es","@id":"https:\/\/illadelsbous.com\/es\/#primaryimage","url":"https:\/\/illadelsbous.com\/web19\/wp-content\/uploads\/2018\/11\/bull-ico-Alternative512.png","contentUrl":"https:\/\/illadelsbous.com\/web19\/wp-content\/uploads\/2018\/11\/bull-ico-Alternative512.png","width":512,"height":480,"caption":"Desarrollo web Barcelona Illadelsbous icono"},{"@type":"BreadcrumbList","@id":"https:\/\/illadelsbous.com\/es\/#breadcrumb","itemListElement":[{"@type":"ListItem","position":1,"name":"Home","item":"https:\/\/illadelsbous.com\/es\/"},{"@type":"ListItem","position":2,"name":"\ud83d\udd35 Tu Partner para Dise\u00f1o y Desarrollo Web Creativo en Barcelona"}]},{"@type":"WebSite","@id":"https:\/\/illadelsbous.com\/es\/#website","url":"https:\/\/illadelsbous.com\/es\/","name":"Illadelsbous","description":"Web development - Responsive Design - Interaction and multimedia design","publisher":{"@id":"https:\/\/illadelsbous.com\/es\/#organization"},"potentialAction":[{"@type":"SearchAction","target":{"@type":"EntryPoint","urlTemplate":"https:\/\/illadelsbous.com\/es\/?s={search_term_string}"},"query-input":{"@type":"PropertyValueSpecification","valueRequired":true,"valueName":"search_term_string"}}],"inLanguage":"es"},{"@type":"Organization","@id":"https:\/\/illadelsbous.com\/es\/#organization","name":"Illadelsbous Web Multimedia","url":"https:\/\/illadelsbous.com\/es\/","logo":{"@type":"ImageObject","inLanguage":"es","@id":"https:\/\/illadelsbous.com\/es\/#\/schema\/logo\/image\/","url":"https:\/\/illadelsbous.com\/web19\/wp-content\/uploads\/2019\/10\/illa-labrinth_animated.svg","contentUrl":"https:\/\/illadelsbous.com\/web19\/wp-content\/uploads\/2019\/10\/illa-labrinth_animated.svg","width":489,"height":489,"caption":"Illadelsbous Web Multimedia"},"image":{"@id":"https:\/\/illadelsbous.com\/es\/#\/schema\/logo\/image\/"}}]}},"_links":{"self":[{"href":"https:\/\/illadelsbous.com\/es\/wp-json\/wp\/v2\/pages\/3704","targetHints":{"allow":["GET"]}}],"collection":[{"href":"https:\/\/illadelsbous.com\/es\/wp-json\/wp\/v2\/pages"}],"about":[{"href":"https:\/\/illadelsbous.com\/es\/wp-json\/wp\/v2\/types\/page"}],"author":[{"embeddable":true,"href":"https:\/\/illadelsbous.com\/es\/wp-json\/wp\/v2\/users\/1"}],"replies":[{"embeddable":true,"href":"https:\/\/illadelsbous.com\/es\/wp-json\/wp\/v2\/comments?post=3704"}],"version-history":[{"count":18,"href":"https:\/\/illadelsbous.com\/es\/wp-json\/wp\/v2\/pages\/3704\/revisions"}],"predecessor-version":[{"id":4853,"href":"https:\/\/illadelsbous.com\/es\/wp-json\/wp\/v2\/pages\/3704\/revisions\/4853"}],"wp:featuredmedia":[{"embeddable":true,"href":"https:\/\/illadelsbous.com\/es\/wp-json\/wp\/v2\/media\/3705"}],"wp:attachment":[{"href":"https:\/\/illadelsbous.com\/es\/wp-json\/wp\/v2\/media?parent=3704"}],"curies":[{"name":"wp","href":"https:\/\/api.w.org\/{rel}","templated":true}]}}