{"id":3731,"date":"2016-04-12T12:34:19","date_gmt":"2016-04-12T10:34:19","guid":{"rendered":"https:\/\/www.illadelsbous.com\/websites\/"},"modified":"2025-10-28T16:29:32","modified_gmt":"2025-10-28T14:29:32","slug":"websites","status":"publish","type":"page","link":"https:\/\/illadelsbous.com\/es\/websites\/","title":{"rendered":"Portfolio de Dise\u00f1o Web: Sitios Web Creados por IlladelsBous en Barcelona"},"content":{"rendered":"<div class=\"grid kcm\">\n<div class=\"grid__item one-whole portable--auto lap--auto palm--auto\" data-style=\"undefined\"><\/div>\n<\/div>\n","protected":false},"excerpt":{"rendered":"","protected":false},"author":1,"featured_media":0,"parent":0,"menu_order":0,"comment_status":"closed","ping_status":"closed","template":"template-portfolio.php","meta":{"_acf_changed":false,"googlesitekit_rrm_CAowj9y7DA:productID":"","footnotes":""},"class_list":["post-3731","page","type-page","status-publish","hentry"],"acf":[],"yoast_head":"<!-- This site is optimized with the Yoast SEO plugin v27.4 - https:\/\/yoast.com\/product\/yoast-seo-wordpress\/ -->\n<title>Ejemplos de Dise\u00f1os Web Creativos en Barcelona | IlladelsBous<\/title>\n<meta name=\"description\" content=\"27 clientes satisfechos con sus nuevos dise\u00f1os web. Insp\u00edrate con el portfolio de nuestra agencia de dise\u00f1o web en Barcelona.\" \/>\n<meta name=\"robots\" content=\"index, follow, max-snippet:-1, max-image-preview:large, max-video-preview:-1\" \/>\n<link rel=\"canonical\" href=\"https:\/\/illadelsbous.com\/es\/websites\/\" \/>\n<meta name=\"twitter:card\" content=\"summary_large_image\" \/>\n<meta name=\"twitter:title\" content=\"Ejemplos de Dise\u00f1os Web Creativos en Barcelona | IlladelsBous\" \/>\n<meta name=\"twitter:description\" content=\"27 clientes satisfechos con sus nuevos dise\u00f1os web. Insp\u00edrate con el portfolio de nuestra agencia de dise\u00f1o web en Barcelona.\" \/>\n<script type=\"application\/ld+json\" class=\"yoast-schema-graph\">{\"@context\":\"https:\\\/\\\/schema.org\",\"@graph\":[{\"@type\":\"WebPage\",\"@id\":\"https:\\\/\\\/illadelsbous.com\\\/es\\\/websites\\\/\",\"url\":\"https:\\\/\\\/illadelsbous.com\\\/es\\\/websites\\\/\",\"name\":\"Ejemplos de Dise\u00f1os Web Creativos en Barcelona | IlladelsBous\",\"isPartOf\":{\"@id\":\"https:\\\/\\\/illadelsbous.com\\\/es\\\/#website\"},\"datePublished\":\"2016-04-12T10:34:19+00:00\",\"dateModified\":\"2025-10-28T14:29:32+00:00\",\"description\":\"27 clientes satisfechos con sus nuevos dise\u00f1os web. Insp\u00edrate con el portfolio de nuestra agencia de dise\u00f1o web en Barcelona.\",\"breadcrumb\":{\"@id\":\"https:\\\/\\\/illadelsbous.com\\\/es\\\/websites\\\/#breadcrumb\"},\"inLanguage\":\"es\",\"potentialAction\":[{\"@type\":\"ReadAction\",\"target\":[\"https:\\\/\\\/illadelsbous.com\\\/es\\\/websites\\\/\"]}]},{\"@type\":\"BreadcrumbList\",\"@id\":\"https:\\\/\\\/illadelsbous.com\\\/es\\\/websites\\\/#breadcrumb\",\"itemListElement\":[{\"@type\":\"ListItem\",\"position\":1,\"name\":\"Home\",\"item\":\"https:\\\/\\\/illadelsbous.com\\\/es\\\/\"},{\"@type\":\"ListItem\",\"position\":2,\"name\":\"Portfolio de Dise\u00f1o Web: Sitios Web Creados por IlladelsBous en Barcelona\"}]},{\"@type\":\"WebSite\",\"@id\":\"https:\\\/\\\/illadelsbous.com\\\/es\\\/#website\",\"url\":\"https:\\\/\\\/illadelsbous.com\\\/es\\\/\",\"name\":\"Illadelsbous\",\"description\":\"Web development - Responsive Design - Interaction and multimedia design\",\"publisher\":{\"@id\":\"https:\\\/\\\/illadelsbous.com\\\/es\\\/#organization\"},\"potentialAction\":[{\"@type\":\"SearchAction\",\"target\":{\"@type\":\"EntryPoint\",\"urlTemplate\":\"https:\\\/\\\/illadelsbous.com\\\/es\\\/?s={search_term_string}\"},\"query-input\":{\"@type\":\"PropertyValueSpecification\",\"valueRequired\":true,\"valueName\":\"search_term_string\"}}],\"inLanguage\":\"es\"},{\"@type\":\"Organization\",\"@id\":\"https:\\\/\\\/illadelsbous.com\\\/es\\\/#organization\",\"name\":\"Illadelsbous Web Multimedia\",\"url\":\"https:\\\/\\\/illadelsbous.com\\\/es\\\/\",\"logo\":{\"@type\":\"ImageObject\",\"inLanguage\":\"es\",\"@id\":\"https:\\\/\\\/illadelsbous.com\\\/es\\\/#\\\/schema\\\/logo\\\/image\\\/\",\"url\":\"https:\\\/\\\/illadelsbous.com\\\/web19\\\/wp-content\\\/uploads\\\/2019\\\/10\\\/illa-labrinth_animated.svg\",\"contentUrl\":\"https:\\\/\\\/illadelsbous.com\\\/web19\\\/wp-content\\\/uploads\\\/2019\\\/10\\\/illa-labrinth_animated.svg\",\"width\":489,\"height\":489,\"caption\":\"Illadelsbous Web Multimedia\"},\"image\":{\"@id\":\"https:\\\/\\\/illadelsbous.com\\\/es\\\/#\\\/schema\\\/logo\\\/image\\\/\"}}]}<\/script>\n<!-- \/ Yoast SEO plugin. -->","yoast_head_json":{"title":"Ejemplos de Dise\u00f1os Web Creativos en Barcelona | IlladelsBous","description":"27 clientes satisfechos con sus nuevos dise\u00f1os web. Insp\u00edrate con el portfolio de nuestra agencia de dise\u00f1o web en Barcelona.","robots":{"index":"index","follow":"follow","max-snippet":"max-snippet:-1","max-image-preview":"max-image-preview:large","max-video-preview":"max-video-preview:-1"},"canonical":"https:\/\/illadelsbous.com\/es\/websites\/","twitter_card":"summary_large_image","twitter_title":"Ejemplos de Dise\u00f1os Web Creativos en Barcelona | IlladelsBous","twitter_description":"27 clientes satisfechos con sus nuevos dise\u00f1os web. Insp\u00edrate con el portfolio de nuestra agencia de dise\u00f1o web en Barcelona.","schema":{"@context":"https:\/\/schema.org","@graph":[{"@type":"WebPage","@id":"https:\/\/illadelsbous.com\/es\/websites\/","url":"https:\/\/illadelsbous.com\/es\/websites\/","name":"Ejemplos de Dise\u00f1os Web Creativos en Barcelona | IlladelsBous","isPartOf":{"@id":"https:\/\/illadelsbous.com\/es\/#website"},"datePublished":"2016-04-12T10:34:19+00:00","dateModified":"2025-10-28T14:29:32+00:00","description":"27 clientes satisfechos con sus nuevos dise\u00f1os web. Insp\u00edrate con el portfolio de nuestra agencia de dise\u00f1o web en Barcelona.","breadcrumb":{"@id":"https:\/\/illadelsbous.com\/es\/websites\/#breadcrumb"},"inLanguage":"es","potentialAction":[{"@type":"ReadAction","target":["https:\/\/illadelsbous.com\/es\/websites\/"]}]},{"@type":"BreadcrumbList","@id":"https:\/\/illadelsbous.com\/es\/websites\/#breadcrumb","itemListElement":[{"@type":"ListItem","position":1,"name":"Home","item":"https:\/\/illadelsbous.com\/es\/"},{"@type":"ListItem","position":2,"name":"Portfolio de Dise\u00f1o Web: Sitios Web Creados por IlladelsBous en Barcelona"}]},{"@type":"WebSite","@id":"https:\/\/illadelsbous.com\/es\/#website","url":"https:\/\/illadelsbous.com\/es\/","name":"Illadelsbous","description":"Web development - Responsive Design - Interaction and multimedia design","publisher":{"@id":"https:\/\/illadelsbous.com\/es\/#organization"},"potentialAction":[{"@type":"SearchAction","target":{"@type":"EntryPoint","urlTemplate":"https:\/\/illadelsbous.com\/es\/?s={search_term_string}"},"query-input":{"@type":"PropertyValueSpecification","valueRequired":true,"valueName":"search_term_string"}}],"inLanguage":"es"},{"@type":"Organization","@id":"https:\/\/illadelsbous.com\/es\/#organization","name":"Illadelsbous Web Multimedia","url":"https:\/\/illadelsbous.com\/es\/","logo":{"@type":"ImageObject","inLanguage":"es","@id":"https:\/\/illadelsbous.com\/es\/#\/schema\/logo\/image\/","url":"https:\/\/illadelsbous.com\/web19\/wp-content\/uploads\/2019\/10\/illa-labrinth_animated.svg","contentUrl":"https:\/\/illadelsbous.com\/web19\/wp-content\/uploads\/2019\/10\/illa-labrinth_animated.svg","width":489,"height":489,"caption":"Illadelsbous Web Multimedia"},"image":{"@id":"https:\/\/illadelsbous.com\/es\/#\/schema\/logo\/image\/"}}]}},"_links":{"self":[{"href":"https:\/\/illadelsbous.com\/es\/wp-json\/wp\/v2\/pages\/3731","targetHints":{"allow":["GET"]}}],"collection":[{"href":"https:\/\/illadelsbous.com\/es\/wp-json\/wp\/v2\/pages"}],"about":[{"href":"https:\/\/illadelsbous.com\/es\/wp-json\/wp\/v2\/types\/page"}],"author":[{"embeddable":true,"href":"https:\/\/illadelsbous.com\/es\/wp-json\/wp\/v2\/users\/1"}],"replies":[{"embeddable":true,"href":"https:\/\/illadelsbous.com\/es\/wp-json\/wp\/v2\/comments?post=3731"}],"version-history":[{"count":2,"href":"https:\/\/illadelsbous.com\/es\/wp-json\/wp\/v2\/pages\/3731\/revisions"}],"predecessor-version":[{"id":4766,"href":"https:\/\/illadelsbous.com\/es\/wp-json\/wp\/v2\/pages\/3731\/revisions\/4766"}],"wp:attachment":[{"href":"https:\/\/illadelsbous.com\/es\/wp-json\/wp\/v2\/media?parent=3731"}],"curies":[{"name":"wp","href":"https:\/\/api.w.org\/{rel}","templated":true}]}}